{"id":1786,"date":"2020-12-01T11:34:41","date_gmt":"2020-12-01T10:34:41","guid":{"rendered":"https:\/\/wordpress-486734-1610623.cloudwaysapps.com\/?page_id=1786"},"modified":"2023-09-10T22:19:14","modified_gmt":"2023-09-10T20:19:14","slug":"referencje","status":"publish","type":"page","link":"https:\/\/kcr.sos.pl\/index.php\/referencje\/","title":{"rendered":"Referencje"},"content":{"rendered":"<style>.kb-row-layout-wrap.wp-block-kadence-rowlayout.kb-row-layout-id1786_d4cf27-9b{margin-top:0px;margin-bottom:0px;}.kb-row-layout-id1786_d4cf27-9b > .kt-row-column-wrap{align-content:center;}:where(.kb-row-layout-id1786_d4cf27-9b > .kt-row-column-wrap) > .wp-block-kadence-column{justify-content:center;}.kb-row-layout-id1786_d4cf27-9b > .kt-row-column-wrap{column-gap:var(--global-kb-gap-none, 0rem );row-gap:var(--global-kb-gap-md, 2rem);max-width:var( --global-content-width, 1290px );padding-left:var(--global-content-edge-padding);padding-right:var(--global-content-edge-padding);padding-top:var(--global-kb-spacing-xl, 4rem);padding-bottom:0px;grid-template-columns:repeat(2, minmax(0, 1fr));}.kb-row-layout-id1786_d4cf27-9b{--breakout-negative-margin-right:calc( ( ( ( var(--global-vw, 100vw) - ( var( --global-content-width, 1290px ) - ( var(--global-content-edge-padding)*2 ) ) ) \/ 2 ) *-1) + -1px);--breakout-negative-margin-left:calc( ( ( ( var(--global-vw, 100vw) - ( var( --global-content-width, 1290px ) - ( var(--global-content-edge-padding)*2 ) ) ) \/ 2 ) *-1) + -1px);}@media all and (min-width:1290px){.kb-row-layout-id1786_d4cf27-9b > .kt-row-column-wrap > .wp-block-kadence-column:nth-child(1 of *:not(style)):not(.specificity){margin-inline-start:var(--breakout-negative-margin-left);}}.kb-row-layout-id1786_d4cf27-9b > .kt-row-layout-overlay{opacity:0.30;}@media all and (min-width: 1025px){.kb-row-layout-id1786_d4cf27-9b > .kt-row-column-wrap > .wp-block-kadence-column:nth-child(1 of *:not(style)){margin-inline-start:calc( var(--global-content-edge-padding) *-1 );}}@media all and (max-width: 1024px){.kb-row-layout-id1786_d4cf27-9b > .kt-row-column-wrap{grid-template-columns:minmax(0, 1fr) minmax(0, 2fr);}}@media all and (min-width: 768px) and (max-width: 1024px){.kb-row-layout-id1786_d4cf27-9b > .kt-row-column-wrap:not(.kt-tab-layout-row) > .wp-block-kadence-column:nth-child(1 of *:not(style)){margin-inline-start:calc( var(--global-content-edge-padding) *-1 );}}@media all and (max-width: 767px){.kb-row-layout-id1786_d4cf27-9b > .kt-row-column-wrap{padding-top:0px;padding-right:0px;padding-bottom:0px;padding-left:0px;grid-template-columns:minmax(0, 1fr);}}<\/style><div class=\"kb-row-layout-wrap kb-row-layout-id1786_d4cf27-9b alignfull has-theme-palette9-background-color kt-row-has-bg wp-block-kadence-rowlayout\"><div class=\"kt-row-column-wrap kt-has-2-columns kt-row-layout-equal kt-tab-layout-right-golden kt-mobile-layout-row kt-row-valign-middle kt-inner-column-height-full kb-theme-content-width\">\n<style>.kadence-column1786_a06a1d-21 > .kt-inside-inner-col{min-height:600px;}.kadence-column1786_a06a1d-21 > .kt-inside-inner-col,.kadence-column1786_a06a1d-21 > .kt-inside-inner-col:before{border-top-left-radius:0px;border-top-right-radius:0px;border-bottom-right-radius:0px;border-bottom-left-radius:0px;}.kadence-column1786_a06a1d-21 > .kt-inside-inner-col{column-gap:var(--global-kb-gap-sm, 1rem);}.kadence-column1786_a06a1d-21 > .kt-inside-inner-col{flex-direction:column;}.kadence-column1786_a06a1d-21 > .kt-inside-inner-col > .aligncenter{width:100%;}.kadence-column1786_a06a1d-21 > .kt-inside-inner-col{background-image:url('https:\/\/kcr.sos.pl\/wp-content\/uploads\/2023\/09\/buisnesman.webp');background-size:cover;background-position:center center;background-attachment:scroll;background-repeat:no-repeat;}.kadence-column1786_a06a1d-21 > .kt-inside-inner-col:before{opacity:0.3;}.kadence-column1786_a06a1d-21{position:relative;}@media all and (max-width: 1024px){.kadence-column1786_a06a1d-21 > .kt-inside-inner-col{flex-direction:column;justify-content:center;}}@media all and (max-width: 1024px){.kadence-column1786_a06a1d-21, .kt-inside-inner-col > .kadence-column1786_a06a1d-21:not(.specificity){margin-left:-25%;}}@media all and (max-width: 767px){.kadence-column1786_a06a1d-21 > .kt-inside-inner-col{min-height:300px;flex-direction:column;justify-content:center;}.kadence-column1786_a06a1d-21, .kt-inside-inner-col > .kadence-column1786_a06a1d-21:not(.specificity){margin-top:0%;margin-right:0%;margin-bottom:0%;margin-left:0%;}}<\/style>\n<div class=\"wp-block-kadence-column kadence-column1786_a06a1d-21 inner-column-1\"><div class=\"kt-inside-inner-col\"><\/div><\/div>\n\n\n<style>.kadence-column1786_5774f5-dc > .kt-inside-inner-col{display:flex;}.kadence-column1786_5774f5-dc > .kt-inside-inner-col{padding-right:var(--global-kb-spacing-md, 2rem);padding-bottom:var(--global-kb-spacing-lg, 3rem);padding-left:var(--global-kb-spacing-3xl, 6.5rem);}.kadence-column1786_5774f5-dc > .kt-inside-inner-col,.kadence-column1786_5774f5-dc > .kt-inside-inner-col:before{border-top-left-radius:0px;border-top-right-radius:0px;border-bottom-right-radius:0px;border-bottom-left-radius:0px;}.kadence-column1786_5774f5-dc > .kt-inside-inner-col{column-gap:var(--global-kb-gap-sm, 1rem);}.kadence-column1786_5774f5-dc > .kt-inside-inner-col{flex-direction:column;justify-content:flex-start;align-items:flex-start;}.kadence-column1786_5774f5-dc > .kt-inside-inner-col > .kb-image-is-ratio-size{align-self:stretch;}.kadence-column1786_5774f5-dc > .kt-inside-inner-col > .wp-block-kadence-advancedgallery{align-self:stretch;}.kadence-column1786_5774f5-dc > .kt-inside-inner-col > .aligncenter{width:100%;}.kt-row-column-wrap > .kadence-column1786_5774f5-dc{align-self:flex-start;}.kt-inner-column-height-full:not(.kt-has-1-columns) > .wp-block-kadence-column.kadence-column1786_5774f5-dc{align-self:auto;}.kt-inner-column-height-full:not(.kt-has-1-columns) > .wp-block-kadence-column.kadence-column1786_5774f5-dc > .kt-inside-inner-col{flex-direction:column;justify-content:flex-start;}.kadence-column1786_5774f5-dc > .kt-inside-inner-col:before{opacity:0.3;}.kadence-column1786_5774f5-dc{position:relative;}@media all and (max-width: 1024px){.kadence-column1786_5774f5-dc > .kt-inside-inner-col{padding-left:var(--global-kb-spacing-md, 2rem);flex-direction:column;justify-content:flex-start;align-items:flex-start;}}@media all and (max-width: 1024px){.kt-row-column-wrap > .kadence-column1786_5774f5-dc{align-self:flex-start;}}@media all and (max-width: 1024px){.kt-inner-column-height-full:not(.kt-has-1-columns) > .wp-block-kadence-column.kadence-column1786_5774f5-dc{align-self:auto;}}@media all and (max-width: 1024px){.kt-inner-column-height-full:not(.kt-has-1-columns) > .wp-block-kadence-column.kadence-column1786_5774f5-dc > .kt-inside-inner-col{flex-direction:column;justify-content:flex-start;}}@media all and (max-width: 767px){.kadence-column1786_5774f5-dc > .kt-inside-inner-col{padding-right:var(--global-kb-spacing-sm, 1.5rem);padding-left:var(--global-kb-spacing-sm, 1.5rem);flex-direction:column;justify-content:flex-start;align-items:flex-start;}.kt-row-column-wrap > .kadence-column1786_5774f5-dc{align-self:flex-start;}.kt-inner-column-height-full:not(.kt-has-1-columns) > .wp-block-kadence-column.kadence-column1786_5774f5-dc{align-self:auto;}.kt-inner-column-height-full:not(.kt-has-1-columns) > .wp-block-kadence-column.kadence-column1786_5774f5-dc > .kt-inside-inner-col{flex-direction:column;justify-content:flex-start;}}<\/style>\n<div class=\"wp-block-kadence-column kadence-column1786_5774f5-dc kb-section-dir-vertical inner-column-2\"><div class=\"kt-inside-inner-col\">\n<h2 class=\"wp-block-heading has-xl-font-size\">Poznaj nasze referencje<\/h2>\n\n\n\n<p class=\"has-md-font-size has--font-size\">Zadowolenie naszych partner\u00f3w jest dla nas priorytetem. Przeczytaj, co maj\u0105 do powiedzenia osoby, kt\u00f3re skorzysta\u0142y z naszych szkole\u0144. Ich do\u015bwiadczenia i sukcesy s\u0105 najlepszym dowodem na skuteczno\u015b\u0107 i jako\u015b\u0107 naszych program\u00f3w.<\/p>\n\n\n<style>.wp-block-kadence-advancedbtn.kb-btns1786_9f0218-9d{gap:var(--global-kb-gap-xs, 0.5rem );justify-content:flex-start;align-items:center;}.kt-btns1786_9f0218-9d .kt-button{font-weight:normal;font-style:normal;}<\/style>\n<div class=\"wp-block-kadence-advancedbtn kb-buttons-wrap kb-btns1786_9f0218-9d\"><style>ul.menu .wp-block-kadence-advancedbtn .kb-btn1786_1f95fb-71.kb-button{width:initial;}<\/style><a class=\"kb-button kt-button button kb-btn1786_1f95fb-71 kt-btn-size-standard kt-btn-width-type-auto kb-btn-global-inherit  kt-btn-has-text-true kt-btn-has-svg-false  wp-block-button__link wp-block-kadence-singlebtn\" href=\"https:\/\/kcr.sos.pl\/index.php\/kontakt\/\"><span class=\"kt-btn-inner-text\">Skontaktuj si\u0119 z nami<\/span><\/a><\/div>\n<\/div><\/div>\n\n<\/div><\/div>\n\n<style>.kb-row-layout-id1786_516085-39 > .kt-row-column-wrap{align-content:start;}:where(.kb-row-layout-id1786_516085-39 > .kt-row-column-wrap) > .wp-block-kadence-column{justify-content:start;}.kb-row-layout-id1786_516085-39 > .kt-row-column-wrap{column-gap:var(--global-kb-gap-md, 2rem);row-gap:var(--global-kb-gap-md, 2rem);max-width:var( --global-content-width, 1290px );padding-left:var(--global-content-edge-padding);padding-right:var(--global-content-edge-padding);padding-top:var(--global-kb-spacing-xxl, 5rem);padding-bottom:var(--global-kb-spacing-xxl, 5rem);grid-template-columns:minmax(0, 1fr);}.kb-row-layout-id1786_516085-39 > .kt-row-layout-overlay{opacity:0.30;}@media all and (max-width: 1024px){.kb-row-layout-id1786_516085-39 > .kt-row-column-wrap{grid-template-columns:minmax(0, 1fr);}}@media all and (max-width: 767px){.kb-row-layout-id1786_516085-39 > .kt-row-column-wrap{grid-template-columns:minmax(0, 1fr);}}<\/style><div class=\"kb-row-layout-wrap kb-row-layout-id1786_516085-39 alignfull has-theme-palette9-background-color kt-row-has-bg wp-block-kadence-rowlayout\"><div class=\"kt-row-column-wrap kt-has-1-columns kt-row-layout-equal kt-tab-layout-inherit kt-mobile-layout-row kt-row-valign-top kb-theme-content-width\">\n<style>.kadence-column1786_ce2053-f0 > .kt-inside-inner-col,.kadence-column1786_ce2053-f0 > .kt-inside-inner-col:before{border-top-left-radius:0px;border-top-right-radius:0px;border-bottom-right-radius:0px;border-bottom-left-radius:0px;}.kadence-column1786_ce2053-f0 > .kt-inside-inner-col{column-gap:var(--global-kb-gap-sm, 1rem);}.kadence-column1786_ce2053-f0 > .kt-inside-inner-col{flex-direction:column;}.kadence-column1786_ce2053-f0 > .kt-inside-inner-col > .aligncenter{width:100%;}.kadence-column1786_ce2053-f0 > .kt-inside-inner-col:before{opacity:0.3;}.kadence-column1786_ce2053-f0{position:relative;}@media all and (max-width: 1024px){.kadence-column1786_ce2053-f0 > .kt-inside-inner-col{flex-direction:column;justify-content:center;}}@media all and (max-width: 767px){.kadence-column1786_ce2053-f0 > .kt-inside-inner-col{flex-direction:column;justify-content:center;}}<\/style>\n<div class=\"wp-block-kadence-column kadence-column1786_ce2053-f0\"><div class=\"kt-inside-inner-col\"><style>.kb-posts-id-1786_87f204-f6 .entry.loop-entry .entry-header .entry-title{font-size:var(--global-kb-font-size-md, 1.25rem);}.kb-posts-id-1786_87f204-f6 .kb-post-list-item{display:grid;}<\/style><p>Brak wpis\u00f3w<\/p><\/div><\/div>\n\n<\/div><\/div>\n\n<style>.kb-row-layout-id1786_a1f8ac-9a > .kt-row-column-wrap{align-content:start;}:where(.kb-row-layout-id1786_a1f8ac-9a > .kt-row-column-wrap) > .wp-block-kadence-column{justify-content:start;}.kb-row-layout-id1786_a1f8ac-9a > .kt-row-column-wrap{column-gap:var(--global-kb-gap-md, 2rem);row-gap:var(--global-kb-gap-md, 2rem);max-width:580px;margin-left:auto;margin-right:auto;padding-top:120px;padding-right:0px;padding-bottom:120px;padding-left:0px;grid-template-columns:minmax(0, 1fr);}.kb-row-layout-id1786_a1f8ac-9a{background-image:linear-gradient(90deg,rgb(227,30,37) 33%,rgb(255,255,255) 97%);}.kb-row-layout-id1786_a1f8ac-9a > .kt-row-layout-overlay{opacity:0.30;}.kb-row-layout-id1786_a1f8ac-9a .kt-row-layout-bottom-sep{height:70px;}.kb-row-layout-id1786_a1f8ac-9a .kt-row-layout-bottom-sep svg{width:100%;}.kb-row-layout-id1786_a1f8ac-9a .kt-row-layout-bottom-sep svg{fill:var(--global-palette8, #F7FAFC)!important;}.kb-row-layout-id1786_a1f8ac-9a .kt-row-layout-top-sep{height:70px;}.kb-row-layout-id1786_a1f8ac-9a .kt-row-layout-top-sep svg{width:100%;}.kb-row-layout-id1786_a1f8ac-9a .kt-row-layout-top-sep svg{fill:var(--global-palette9, #ffffff)!important;}@media all and (max-width: 1024px){.kb-row-layout-id1786_a1f8ac-9a > .kt-row-column-wrap{grid-template-columns:minmax(0, 1fr);}}@media all and (max-width: 1024px){.kb-row-layout-id1786_a1f8ac-9a .kt-row-layout-bottom-sep{height:px;}}@media all and (max-width: 1024px){.kb-row-layout-id1786_a1f8ac-9a .kt-row-layout-bottom-sep svg{width:%;}}@media all and (max-width: 767px){.kb-row-layout-id1786_a1f8ac-9a > .kt-row-column-wrap{padding-right:20px;padding-left:20px;grid-template-columns:minmax(0, 1fr);}.kb-row-layout-id1786_a1f8ac-9a .kt-row-layout-bottom-sep{height:px;}.kb-row-layout-id1786_a1f8ac-9a .kt-row-layout-bottom-sep svg{width:%;}}<\/style><div class=\"kb-row-layout-wrap kb-row-layout-id1786_a1f8ac-9a alignfull has-theme-palette8-background-color kt-row-has-bg wp-block-kadence-rowlayout\"><div class=\"kt-row-layout-top-sep kt-row-sep-type-sltr\"><svg viewBox=\"0 0 1000 100\" preserveAspectRatio=\"none\"><path d=\"M0,0l1000,100l-1000,0l0,-100Z\" \/><\/svg><\/div><div class=\"kt-row-layout-bottom-sep kt-row-sep-type-sltl\"><svg viewBox=\"0 0 1000 100\" preserveAspectRatio=\"none\"><path d=\"M1000,0l-1000,100l1000,0l0,-100Z\" \/><\/svg><\/div><div class=\"kt-row-column-wrap kt-has-1-columns kt-row-layout-equal kt-tab-layout-inherit kt-mobile-layout-row kt-row-valign-top\">\n<style>.kadence-column1786_631dac-9a > .kt-inside-inner-col,.kadence-column1786_631dac-9a > .kt-inside-inner-col:before{border-top-left-radius:0px;border-top-right-radius:0px;border-bottom-right-radius:0px;border-bottom-left-radius:0px;}.kadence-column1786_631dac-9a > .kt-inside-inner-col{column-gap:var(--global-kb-gap-sm, 1rem);}.kadence-column1786_631dac-9a > .kt-inside-inner-col{flex-direction:column;}.kadence-column1786_631dac-9a > .kt-inside-inner-col > .aligncenter{width:100%;}.kadence-column1786_631dac-9a > .kt-inside-inner-col:before{opacity:0.3;}.kadence-column1786_631dac-9a{position:relative;}@media all and (max-width: 1024px){.kadence-column1786_631dac-9a > .kt-inside-inner-col{flex-direction:column;justify-content:center;}}@media all and (max-width: 767px){.kadence-column1786_631dac-9a > .kt-inside-inner-col{flex-direction:column;justify-content:center;}}<\/style>\n<div class=\"wp-block-kadence-column kadence-column1786_631dac-9a inner-column-1\"><div class=\"kt-inside-inner-col\">\n<h2 class=\"wp-block-heading has-text-align-left has-30-font-size has-text-color\" style=\"color:#ffffff\">Nie Czekaj, Inwestuj w Swoj\u0105 Profesjonaln\u0105 Przysz\u0142o\u015b\u0107 Ju\u017c Teraz<\/h2>\n\n\n\n<p class=\"has-text-align-left has--font-size has-text-color\" style=\"color:#ffffff\">Masz mo\u017cliwo\u015b\u0107 podj\u0119cia kroku, kt\u00f3ry zawa\u017cy na Twoim rozwoju zawodowym i przyniesie korzy\u015bci dla Twojej organizacji. Do\u0142\u0105cz do grona zadowolonych uczestnik\u00f3w i zainwestuj w wysokiej jako\u015bci szkolenia.<\/p>\n\n\n<style>.wp-block-kadence-advancedbtn.kb-btns1786_e26bb6-4a{gap:var(--global-kb-gap-xs, 0.5rem );justify-content:center;align-items:center;}.kt-btns1786_e26bb6-4a .kt-button{font-weight:normal;font-style:normal;}<\/style>\n<div class=\"wp-block-kadence-advancedbtn kb-buttons-wrap kb-btns1786_e26bb6-4a\"><style>ul.menu .wp-block-kadence-advancedbtn .kb-btn1786_34a63a-f3.kb-button{width:initial;}.wp-block-kadence-advancedbtn .kb-btn1786_34a63a-f3.kb-button{color:#000000;background:#ffffff !important;font-size:15px;border-top-left-radius:8px;border-top-right-radius:8px;border-bottom-right-radius:8px;border-bottom-left-radius:8px;border-top:0px solid rgba(85, 85, 85, 0.01);border-right:0px solid rgba(85, 85, 85, 0.01);border-bottom:0px solid rgba(85, 85, 85, 0.01);border-left:0px solid rgba(85, 85, 85, 0.01);padding-top:14px;padding-right:30px;padding-bottom:14px;padding-left:30px;box-shadow:2px 2px 3px 0px rgba(0, 0, 0, 0.2);}.wp-block-kadence-advancedbtn .kb-btn1786_34a63a-f3.kb-button:hover, .wp-block-kadence-advancedbtn .kb-btn1786_34a63a-f3.kb-button:focus{color:#ffffff;border-top-color:rgba(68, 68, 68, 0.02);border-top-style:solid;border-right-color:rgba(68, 68, 68, 0.02);border-right-style:solid;border-bottom-color:rgba(68, 68, 68, 0.02);border-bottom-style:solid;border-left-color:rgba(68, 68, 68, 0.02);border-left-style:solid;box-shadow:2px 2px 3px 0px rgba(0, 0, 0, 0.4);}.kb-btn1786_34a63a-f3.kb-button::before{background:linear-gradient(135deg,var(--global-palette1,#E21E51) 1%,rgb(255,0,69) 100%);-webkit-transition:opacity .3s ease-in-out;-moz-transition:opacity .3s ease-in-out;transition:opacity .3s ease-in-out;}@media all and (max-width: 1024px){.wp-block-kadence-advancedbtn .kb-btn1786_34a63a-f3.kb-button{border-top:0px solid rgba(85, 85, 85, 0.01);border-right:0px solid rgba(85, 85, 85, 0.01);border-bottom:0px solid rgba(85, 85, 85, 0.01);border-left:0px solid rgba(85, 85, 85, 0.01);}}@media all and (max-width: 1024px){.wp-block-kadence-advancedbtn .kb-btn1786_34a63a-f3.kb-button:hover, .wp-block-kadence-advancedbtn .kb-btn1786_34a63a-f3.kb-button:focus{border-top-color:rgba(68, 68, 68, 0.02);border-top-style:solid;border-right-color:rgba(68, 68, 68, 0.02);border-right-style:solid;border-bottom-color:rgba(68, 68, 68, 0.02);border-bottom-style:solid;border-left-color:rgba(68, 68, 68, 0.02);border-left-style:solid;}}@media all and (max-width: 767px){.wp-block-kadence-advancedbtn .kb-btn1786_34a63a-f3.kb-button{border-top:0px solid rgba(85, 85, 85, 0.01);border-right:0px solid rgba(85, 85, 85, 0.01);border-bottom:0px solid rgba(85, 85, 85, 0.01);border-left:0px solid rgba(85, 85, 85, 0.01);}.wp-block-kadence-advancedbtn .kb-btn1786_34a63a-f3.kb-button:hover, .wp-block-kadence-advancedbtn .kb-btn1786_34a63a-f3.kb-button:focus{border-top-color:rgba(68, 68, 68, 0.02);border-top-style:solid;border-right-color:rgba(68, 68, 68, 0.02);border-right-style:solid;border-bottom-color:rgba(68, 68, 68, 0.02);border-bottom-style:solid;border-left-color:rgba(68, 68, 68, 0.02);border-left-style:solid;}}<\/style><a class=\"kb-button kt-button button kb-btn1786_34a63a-f3 kt-btn-size-standard kt-btn-width-type-auto kb-btn-global-fill  kt-btn-has-text-true kt-btn-has-svg-false  wp-block-kadence-singlebtn\" href=\"https:\/\/kcr.sos.pl\/index.php\/kontakt\/\"><span class=\"kt-btn-inner-text\">Skontaktuj si\u0119 teraz!<\/span><\/a><\/div>\n<\/div><\/div>\n\n<\/div><\/div>","protected":false},"excerpt":{"rendered":"<p>Poznaj nasze referencje Zadowolenie naszych partner\u00f3w jest dla nas priorytetem. Przeczytaj, co maj\u0105 do powiedzenia osoby, kt\u00f3re skorzysta\u0142y z naszych szkole\u0144. Ich do\u015bwiadczenia i sukcesy s\u0105 najlepszym dowodem na skuteczno\u015b\u0107 i jako\u015b\u0107 naszych program\u00f3w. Nie Czekaj, Inwestuj w Swoj\u0105 Profesjonaln\u0105 Przysz\u0142o\u015b\u0107 Ju\u017c Teraz Masz mo\u017cliwo\u015b\u0107 podj\u0119cia kroku, kt\u00f3ry zawa\u017cy na Twoim rozwoju zawodowym i przyniesie&#8230;<\/p>\n","protected":false},"author":1,"featured_media":2121,"parent":0,"menu_order":0,"comment_status":"closed","ping_status":"closed","template":"","meta":{"om_disable_all_campaigns":false,"_monsterinsights_skip_tracking":false,"_monsterinsights_sitenote_active":false,"_monsterinsights_sitenote_note":"","_monsterinsights_sitenote_category":0,"_kadence_starter_templates_imported_post":true,"_kad_post_transparent":"","_kad_post_title":"hide","_kad_post_layout":"fullwidth","_kad_post_sidebar_id":"","_kad_post_content_style":"unboxed","_kad_post_vertical_padding":"hide","_kad_post_feature":"hide","_kad_post_feature_position":"","_kad_post_header":false,"_kad_post_footer":false,"_kad_post_classname":"","footnotes":""},"class_list":["post-1786","page","type-page","status-publish","has-post-thumbnail","hentry"],"aioseo_notices":[],"_links":{"self":[{"href":"https:\/\/kcr.sos.pl\/index.php\/wp-json\/wp\/v2\/pages\/1786","targetHints":{"allow":["GET"]}}],"collection":[{"href":"https:\/\/kcr.sos.pl\/index.php\/wp-json\/wp\/v2\/pages"}],"about":[{"href":"https:\/\/kcr.sos.pl\/index.php\/wp-json\/wp\/v2\/types\/page"}],"author":[{"embeddable":true,"href":"https:\/\/kcr.sos.pl\/index.php\/wp-json\/wp\/v2\/users\/1"}],"replies":[{"embeddable":true,"href":"https:\/\/kcr.sos.pl\/index.php\/wp-json\/wp\/v2\/comments?post=1786"}],"version-history":[{"count":4,"href":"https:\/\/kcr.sos.pl\/index.php\/wp-json\/wp\/v2\/pages\/1786\/revisions"}],"predecessor-version":[{"id":2391,"href":"https:\/\/kcr.sos.pl\/index.php\/wp-json\/wp\/v2\/pages\/1786\/revisions\/2391"}],"wp:featuredmedia":[{"embeddable":true,"href":"https:\/\/kcr.sos.pl\/index.php\/wp-json\/wp\/v2\/media\/2121"}],"wp:attachment":[{"href":"https:\/\/kcr.sos.pl\/index.php\/wp-json\/wp\/v2\/media?parent=1786"}],"curies":[{"name":"wp","href":"https:\/\/api.w.org\/{rel}","templated":true}]}}