{"id":1731,"date":"2020-11-30T12:35:28","date_gmt":"2020-11-30T11:35:28","guid":{"rendered":"https:\/\/wordpress-486734-1610623.cloudwaysapps.com\/?page_id=1731"},"modified":"2023-09-11T09:45:29","modified_gmt":"2023-09-11T07:45:29","slug":"kontakt","status":"publish","type":"page","link":"https:\/\/kcr.sos.pl\/index.php\/kontakt\/","title":{"rendered":"Kontakt"},"content":{"rendered":"<style>.kb-row-layout-id1731_48e69d-69 > .kt-row-column-wrap{align-content:start;}:where(.kb-row-layout-id1731_48e69d-69 > .kt-row-column-wrap) > .wp-block-kadence-column{justify-content:start;}.kb-row-layout-id1731_48e69d-69 > .kt-row-column-wrap{column-gap:var(--global-kb-gap-md, 2rem);row-gap:var(--global-kb-gap-md, 2rem);max-width:600px;margin-left:auto;margin-right:auto;padding-top:90px;padding-right:10px;padding-bottom:50px;padding-left:10px;grid-template-columns:minmax(0, 1fr);}.kb-row-layout-id1731_48e69d-69 > .kt-row-layout-overlay{opacity:0.30;}@media all and (max-width: 1024px){.kb-row-layout-id1731_48e69d-69 > .kt-row-column-wrap{grid-template-columns:minmax(0, 1fr);}}@media all and (max-width: 767px){.kb-row-layout-id1731_48e69d-69 > .kt-row-column-wrap{grid-template-columns:minmax(0, 1fr);}}<\/style><div class=\"kb-row-layout-wrap kb-row-layout-id1731_48e69d-69 alignnone wp-block-kadence-rowlayout\"><div class=\"kt-row-column-wrap kt-has-1-columns kt-row-layout-equal kt-tab-layout-inherit kt-mobile-layout-row kt-row-valign-top\">\n<style>.kadence-column1731_962ee8-0c > .kt-inside-inner-col,.kadence-column1731_962ee8-0c > .kt-inside-inner-col:before{border-top-left-radius:0px;border-top-right-radius:0px;border-bottom-right-radius:0px;border-bottom-left-radius:0px;}.kadence-column1731_962ee8-0c > .kt-inside-inner-col{column-gap:var(--global-kb-gap-sm, 1rem);}.kadence-column1731_962ee8-0c > .kt-inside-inner-col{flex-direction:column;}.kadence-column1731_962ee8-0c > .kt-inside-inner-col > .aligncenter{width:100%;}.kadence-column1731_962ee8-0c > .kt-inside-inner-col:before{opacity:0.3;}.kadence-column1731_962ee8-0c{position:relative;}.kadence-column1731_962ee8-0c, .kt-inside-inner-col > .kadence-column1731_962ee8-0c:not(.specificity){margin-top:10px;margin-right:0px;}@media all and (max-width: 1024px){.kadence-column1731_962ee8-0c > .kt-inside-inner-col{flex-direction:column;justify-content:center;}}@media all and (max-width: 767px){.kadence-column1731_962ee8-0c > .kt-inside-inner-col{flex-direction:column;justify-content:center;}}<\/style>\n<div class=\"wp-block-kadence-column kadence-column1731_962ee8-0c inner-column-1\"><div class=\"kt-inside-inner-col\">\n<h1 class=\"wp-block-heading has--font-size\">Skontaktuj si\u0119 z nami<\/h1>\n\n\n\n<p class=\"has--font-size\">Masz pytania? Chcia\u0142by\u015b um\u00f3wi\u0107 si\u0119 na indywidualne konsultacje? Jeste\u015bmy tu, aby Ci pom\u00f3c. Skontaktuj si\u0119 z nami, a postaramy si\u0119 odpowiedzie\u0107 na Twoje zapytanie jak najszybciej. Twoja satysfakcja i rozw\u00f3j s\u0105 dla nas priorytetem.<\/p>\n<\/div><\/div>\n\n<\/div><\/div>\n\n<style>.kb-row-layout-wrap.wp-block-kadence-rowlayout.kb-row-layout-id1731_e7c3aa-64{margin-bottom:0px;}.kb-row-layout-id1731_e7c3aa-64 > .kt-row-column-wrap{align-content:start;}:where(.kb-row-layout-id1731_e7c3aa-64 > .kt-row-column-wrap) > .wp-block-kadence-column{justify-content:start;}.kb-row-layout-id1731_e7c3aa-64 > .kt-row-column-wrap{column-gap:var(--global-kb-gap-md, 2rem);row-gap:var(--global-kb-gap-md, 2rem);max-width:1242px;margin-left:auto;margin-right:auto;padding-top:20px;padding-right:0px;padding-bottom:40px;padding-left:0px;grid-template-columns:repeat(2, minmax(0, 1fr));}.kb-row-layout-id1731_e7c3aa-64 > .kt-row-layout-overlay{opacity:0.30;}.kb-row-layout-id1731_e7c3aa-64{z-index:12;position:relative;}@media all and (max-width: 1024px){.kb-row-layout-id1731_e7c3aa-64 > .kt-row-column-wrap{grid-template-columns:minmax(0, 1fr);}}@media all and (max-width: 767px){.kb-row-layout-id1731_e7c3aa-64 > .kt-row-column-wrap{grid-template-columns:minmax(0, 1fr);}}<\/style><div class=\"kb-row-layout-wrap kb-row-layout-id1731_e7c3aa-64 alignnone wp-block-kadence-rowlayout\"><div class=\"kt-row-column-wrap kt-has-2-columns kt-row-layout-equal kt-tab-layout-row kt-mobile-layout-row kt-row-valign-top\">\n<style>.kadence-column1731_4b5482-60 > .kt-inside-inner-col{box-shadow:0px 0px 70px 0px rgba(0, 0, 0, 0.08);border-top:1px solid var(--global-palette7, #EDF2F7);border-right:1px solid var(--global-palette7, #EDF2F7);border-bottom:1px solid var(--global-palette7, #EDF2F7);border-left:1px solid var(--global-palette7, #EDF2F7);}.kadence-column1731_4b5482-60 > .kt-inside-inner-col,.kadence-column1731_4b5482-60 > .kt-inside-inner-col:before{border-top-left-radius:6px;border-top-right-radius:6px;border-bottom-right-radius:6px;border-bottom-left-radius:6px;}.kadence-column1731_4b5482-60 > .kt-inside-inner-col{column-gap:var(--global-kb-gap-sm, 1rem);}.kadence-column1731_4b5482-60 > .kt-inside-inner-col{flex-direction:column;}.kadence-column1731_4b5482-60 > .kt-inside-inner-col > .aligncenter{width:100%;}.kadence-column1731_4b5482-60 > .kt-inside-inner-col{background-color:var(--global-palette9, #ffffff);}.kadence-column1731_4b5482-60 > .kt-inside-inner-col:before{opacity:0.3;}.kadence-column1731_4b5482-60{position:relative;}.kadence-column1731_4b5482-60, .kt-inside-inner-col > .kadence-column1731_4b5482-60:not(.specificity){margin-right:10px;margin-bottom:-100px;margin-left:10px;}@media all and (max-width: 1024px){.kadence-column1731_4b5482-60 > .kt-inside-inner-col{border-top:1px solid var(--global-palette7, #EDF2F7);border-right:1px solid var(--global-palette7, #EDF2F7);border-bottom:1px solid var(--global-palette7, #EDF2F7);border-left:1px solid var(--global-palette7, #EDF2F7);flex-direction:column;justify-content:center;}}@media all and (max-width: 1024px){.kadence-column1731_4b5482-60, .kt-inside-inner-col > .kadence-column1731_4b5482-60:not(.specificity){margin-top:0px;margin-right:0px;margin-bottom:1px;margin-left:0px;}}@media all and (max-width: 767px){.kadence-column1731_4b5482-60 > .kt-inside-inner-col{border-top:1px solid var(--global-palette7, #EDF2F7);border-right:1px solid var(--global-palette7, #EDF2F7);border-bottom:1px solid var(--global-palette7, #EDF2F7);border-left:1px solid var(--global-palette7, #EDF2F7);flex-direction:column;justify-content:center;}.kadence-column1731_4b5482-60, .kt-inside-inner-col > .kadence-column1731_4b5482-60:not(.specificity){margin-bottom:1px;}}<\/style>\n<div class=\"wp-block-kadence-column kadence-column1731_4b5482-60\"><div class=\"kt-inside-inner-col\"><style>.kb-row-layout-wrap.wp-block-kadence-rowlayout.kb-row-layout-id1731_87169c-61{margin-top:0px;margin-bottom:0px;}.kb-row-layout-id1731_87169c-61 > .kt-row-column-wrap{align-content:start;}:where(.kb-row-layout-id1731_87169c-61 > .kt-row-column-wrap) > .wp-block-kadence-column{justify-content:start;}.kb-row-layout-id1731_87169c-61 > .kt-row-column-wrap{column-gap:var(--global-kb-gap-md, 2rem);row-gap:var(--global-kb-gap-md, 2rem);padding-top:40px;padding-right:40px;padding-bottom:40px;padding-left:40px;grid-template-columns:minmax(0, 1fr);}.kb-row-layout-id1731_87169c-61 > .kt-row-layout-overlay{opacity:0.30;}@media all and (max-width: 1024px){.kb-row-layout-id1731_87169c-61 > .kt-row-column-wrap{grid-template-columns:minmax(0, 1fr);}}@media all and (max-width: 767px){.kb-row-layout-id1731_87169c-61 > .kt-row-column-wrap{grid-template-columns:minmax(0, 1fr);}}<\/style><div class=\"kb-row-layout-wrap kb-row-layout-id1731_87169c-61 alignnone animated fadeInUp wp-block-kadence-rowlayout\"><div class=\"kt-row-column-wrap kt-has-1-columns kt-row-layout-equal kt-tab-layout-inherit kt-mobile-layout-row kt-row-valign-top\">\n<style>.kadence-column1731_4fd763-41 > .kt-inside-inner-col,.kadence-column1731_4fd763-41 > .kt-inside-inner-col:before{border-top-left-radius:0px;border-top-right-radius:0px;border-bottom-right-radius:0px;border-bottom-left-radius:0px;}.kadence-column1731_4fd763-41 > .kt-inside-inner-col{column-gap:var(--global-kb-gap-sm, 1rem);}.kadence-column1731_4fd763-41 > .kt-inside-inner-col{flex-direction:column;}.kadence-column1731_4fd763-41 > .kt-inside-inner-col > .aligncenter{width:100%;}.kadence-column1731_4fd763-41 > .kt-inside-inner-col:before{opacity:0.3;}.kadence-column1731_4fd763-41{position:relative;}@media all and (max-width: 1024px){.kadence-column1731_4fd763-41 > .kt-inside-inner-col{flex-direction:column;justify-content:center;}}@media all and (max-width: 767px){.kadence-column1731_4fd763-41 > .kt-inside-inner-col{flex-direction:column;justify-content:center;}}<\/style>\n<div class=\"wp-block-kadence-column kadence-column1731_4fd763-41 inner-column-1\"><div class=\"kt-inside-inner-col\"><style id=\"wpforms-css-vars-2405-block-3940b8b8-7799-48fa-a06b-b8d94de1e8f8\">\n\t\t\t\t#wpforms-2405.wpforms-block-3940b8b8-7799-48fa-a06b-b8d94de1e8f8 {\n\t\t\t\t--wpforms-button-border-radius: 8px;\n--wpforms-button-background-color: #e31e25;\n\t\t\t}\n\t\t\t<\/style><div class=\"wpforms-container wpforms-container-full wpforms-block wpforms-block-3940b8b8-7799-48fa-a06b-b8d94de1e8f8 wpforms-render-modern\" id=\"wpforms-2405\"><form id=\"wpforms-form-2405\" class=\"wpforms-validate wpforms-form wpforms-ajax-form\" data-formid=\"2405\" method=\"post\" enctype=\"multipart\/form-data\" action=\"\/index.php\/wp-json\/wp\/v2\/pages\/1731\" data-token=\"e1755bd2756a1c837751eec135da02b8\" data-token-time=\"1776768533\"><noscript class=\"wpforms-error-noscript\">Aby wype\u0142ni\u0107 ten formularz, w\u0142\u0105cz obs\u0142ug\u0119 JavaScript w przegl\u0105darce.<\/noscript><div id=\"wpforms-error-noscript\" style=\"display: none;\">Aby wype\u0142ni\u0107 ten formularz, w\u0142\u0105cz obs\u0142ug\u0119 JavaScript w przegl\u0105darce.<\/div><div class=\"wpforms-field-container\"><div id=\"wpforms-2405-field_0-container\" class=\"wpforms-field wpforms-field-name\" data-field-id=\"0\"><label class=\"wpforms-field-label\" for=\"wpforms-2405-field_0\">Imi\u0119 <span class=\"wpforms-required-label\" aria-hidden=\"true\">*<\/span><\/label><input type=\"text\" id=\"wpforms-2405-field_0\" class=\"wpforms-field-medium wpforms-field-required\" name=\"wpforms[fields][0]\" aria-errormessage=\"wpforms-2405-field_0-error\" required><\/div><div id=\"wpforms-2405-field_1-container\" class=\"wpforms-field wpforms-field-email\" data-field-id=\"1\"><label class=\"wpforms-field-label\" for=\"wpforms-2405-field_1\">E-mail <span class=\"wpforms-required-label\" aria-hidden=\"true\">*<\/span><\/label><input type=\"email\" id=\"wpforms-2405-field_1\" class=\"wpforms-field-medium wpforms-field-required\" name=\"wpforms[fields][1]\" spellcheck=\"false\" aria-errormessage=\"wpforms-2405-field_1-error\" required><\/div><div id=\"wpforms-2405-field_2-container\" class=\"wpforms-field wpforms-field-textarea\" data-field-id=\"2\"><label class=\"wpforms-field-label\" for=\"wpforms-2405-field_2\">Wiadomo\u015b\u0107<\/label><textarea id=\"wpforms-2405-field_2\" class=\"wpforms-field-medium\" name=\"wpforms[fields][2]\" aria-errormessage=\"wpforms-2405-field_2-error\" ><\/textarea><\/div><div id=\"wpforms-2405-field_3-container\" class=\"wpforms-field wpforms-field-checkbox\" data-field-id=\"3\"><fieldset><legend class=\"wpforms-field-label\">Polityka prywatno\u015bci <span class=\"wpforms-required-label\" aria-hidden=\"true\">*<\/span><\/legend><ul id=\"wpforms-2405-field_3\" class=\"wpforms-field-required\"><li class=\"choice-1 depth-1\"><input type=\"checkbox\" id=\"wpforms-2405-field_3_1\" name=\"wpforms[fields][3][]\" value=\"Przeczyta\u0142em i akceptuj\u0119 polityk\u0119 prywatno\u015bci\" aria-errormessage=\"wpforms-2405-field_3_1-error\" required ><label class=\"wpforms-field-label-inline\" for=\"wpforms-2405-field_3_1\">Przeczyta\u0142em i akceptuj\u0119 polityk\u0119 prywatno\u015bci<\/label><\/li><\/ul><\/fieldset><\/div><\/div><!-- .wpforms-field-container --><div class=\"wpforms-submit-container\" ><input type=\"hidden\" name=\"wpforms[id]\" value=\"2405\"><input type=\"hidden\" name=\"page_title\" value=\"\"><input type=\"hidden\" name=\"page_url\" value=\"https:\/\/kcr.sos.pl\/index.php\/wp-json\/wp\/v2\/pages\/1731\"><input type=\"hidden\" name=\"url_referer\" value=\"\"><button type=\"submit\" name=\"wpforms[submit]\" id=\"wpforms-submit-2405\" class=\"wpforms-submit\" data-alt-text=\"Wysy\u0142anie...\" data-submit-text=\"Wy\u015blij\" aria-live=\"assertive\" value=\"wpforms-submit\">Wy\u015blij<\/button><img loading=\"lazy\" decoding=\"async\" src=\"https:\/\/kcr.sos.pl\/wp-content\/plugins\/wpforms-lite\/assets\/images\/submit-spin.svg\" class=\"wpforms-submit-spinner\" style=\"display: none;\" width=\"26\" height=\"26\" alt=\"Wczytywanie\"><\/div><\/form><\/div>  <!-- .wpforms-container --><\/div><\/div>\n\n<\/div><\/div><\/div><\/div>\n\n\n<style>.kadence-column1731_6b9edc-a4 > .kt-inside-inner-col{display:flex;}.kadence-column1731_6b9edc-a4 > .kt-inside-inner-col,.kadence-column1731_6b9edc-a4 > .kt-inside-inner-col:before{border-top-left-radius:0px;border-top-right-radius:0px;border-bottom-right-radius:0px;border-bottom-left-radius:0px;}.kadence-column1731_6b9edc-a4 > .kt-inside-inner-col{column-gap:var(--global-kb-gap-sm, 1rem);}.kadence-column1731_6b9edc-a4 > .kt-inside-inner-col{flex-direction:column;justify-content:center;}.kadence-column1731_6b9edc-a4 > .kt-inside-inner-col > .aligncenter{width:100%;}.kt-row-column-wrap > .kadence-column1731_6b9edc-a4{align-self:center;}.kt-inner-column-height-full:not(.kt-has-1-columns) > .wp-block-kadence-column.kadence-column1731_6b9edc-a4{align-self:auto;}.kt-inner-column-height-full:not(.kt-has-1-columns) > .wp-block-kadence-column.kadence-column1731_6b9edc-a4 > .kt-inside-inner-col{flex-direction:column;justify-content:center;}.kadence-column1731_6b9edc-a4 > .kt-inside-inner-col:before{opacity:0.3;}.kadence-column1731_6b9edc-a4{text-align:left;}.kadence-column1731_6b9edc-a4{position:relative;}.kadence-column1731_6b9edc-a4, .kt-inside-inner-col > .kadence-column1731_6b9edc-a4:not(.specificity){margin-top:40px;margin-right:0px;margin-bottom:0px;margin-left:90px;}@media all and (max-width: 1024px){.kt-row-column-wrap > .kadence-column1731_6b9edc-a4{align-self:center;}}@media all and (max-width: 1024px){.kt-inner-column-height-full:not(.kt-has-1-columns) > .wp-block-kadence-column.kadence-column1731_6b9edc-a4{align-self:auto;}}@media all and (max-width: 1024px){.kt-inner-column-height-full:not(.kt-has-1-columns) > .wp-block-kadence-column.kadence-column1731_6b9edc-a4 > .kt-inside-inner-col{flex-direction:column;justify-content:center;}}@media all and (max-width: 1024px){.kadence-column1731_6b9edc-a4 > .kt-inside-inner-col{flex-direction:column;justify-content:center;}}@media all and (max-width: 1024px){.kadence-column1731_6b9edc-a4, .kt-inside-inner-col > .kadence-column1731_6b9edc-a4:not(.specificity){margin-left:1px;}}@media all and (max-width: 767px){.kt-row-column-wrap > .kadence-column1731_6b9edc-a4{align-self:center;}.kt-inner-column-height-full:not(.kt-has-1-columns) > .wp-block-kadence-column.kadence-column1731_6b9edc-a4{align-self:auto;}.kt-inner-column-height-full:not(.kt-has-1-columns) > .wp-block-kadence-column.kadence-column1731_6b9edc-a4 > .kt-inside-inner-col{flex-direction:column;justify-content:center;}.kadence-column1731_6b9edc-a4 > .kt-inside-inner-col{flex-direction:column;justify-content:center;}.kadence-column1731_6b9edc-a4, .kt-inside-inner-col > .kadence-column1731_6b9edc-a4:not(.specificity){margin-left:20px;}}<\/style>\n<div class=\"wp-block-kadence-column kadence-column1731_6b9edc-a4 inner-column-2 animated fadeInUp\"><div class=\"kt-inside-inner-col\">\n<p class=\"has-text-align-left has--font-size has-theme-palette-3-color has-text-color has-large-font-size\">Krajowe Centrum Realizacji<\/p>\n\n\n\n<p class=\"has--font-size\">Ul. Skaut\u00f3w 11b<br>20-400 Lublin<\/p>\n\n\n\n<p class=\"has-text-align-left\">Tel:\u00a0<a href=\"tel:+48781138250\">+48 781 138 250<\/a><br>Mail:\u00a0<a href=\"mailto:biuro@iszb.pl\">biuro@iszb.pl<\/a><\/p>\n<\/div><\/div>\n\n<\/div><\/div>\n\n<style>.kb-row-layout-wrap.wp-block-kadence-rowlayout.kb-row-layout-id1731_98da51-62{margin-top:0px;margin-bottom:-10px;}.kb-row-layout-id1731_98da51-62 > .kt-row-column-wrap{align-content:center;}:where(.kb-row-layout-id1731_98da51-62 > .kt-row-column-wrap) > .wp-block-kadence-column{justify-content:center;}.kb-row-layout-id1731_98da51-62 > .kt-row-column-wrap{column-gap:var(--global-kb-gap-md, 2rem);row-gap:var(--global-kb-gap-md, 2rem);padding-top:0px;padding-right:0px;padding-bottom:0px;padding-left:0px;grid-template-columns:minmax(0, 1fr);}.kb-row-layout-id1731_98da51-62 > .kt-row-layout-overlay{opacity:0.30;}@media all and (max-width: 1024px){.kb-row-layout-id1731_98da51-62 > .kt-row-column-wrap{grid-template-columns:minmax(0, 1fr);}}@media all and (max-width: 767px){.kb-row-layout-id1731_98da51-62 > .kt-row-column-wrap{grid-template-columns:minmax(0, 1fr);}}<\/style><div class=\"kb-row-layout-wrap kb-row-layout-id1731_98da51-62 alignnone animated fadeInUp wp-block-kadence-rowlayout\"><div class=\"kt-row-column-wrap kt-has-1-columns kt-row-layout-equal kt-tab-layout-inherit kt-mobile-layout-row kt-row-valign-middle\">\n<style>.kadence-column1731_6f3abf-96 > .kt-inside-inner-col,.kadence-column1731_6f3abf-96 > .kt-inside-inner-col:before{border-top-left-radius:0px;border-top-right-radius:0px;border-bottom-right-radius:0px;border-bottom-left-radius:0px;}.kadence-column1731_6f3abf-96 > .kt-inside-inner-col{column-gap:var(--global-kb-gap-sm, 1rem);}.kadence-column1731_6f3abf-96 > .kt-inside-inner-col{flex-direction:column;}.kadence-column1731_6f3abf-96 > .kt-inside-inner-col > .aligncenter{width:100%;}.kadence-column1731_6f3abf-96 > .kt-inside-inner-col:before{opacity:0.3;}.kadence-column1731_6f3abf-96{position:relative;}.kadence-column1731_6f3abf-96, .kt-inside-inner-col > .kadence-column1731_6f3abf-96:not(.specificity){margin-top:0px;margin-right:0px;margin-bottom:0px;margin-left:0px;}@media all and (max-width: 1024px){.kadence-column1731_6f3abf-96 > .kt-inside-inner-col{flex-direction:column;justify-content:center;}}@media all and (max-width: 767px){.kadence-column1731_6f3abf-96 > .kt-inside-inner-col{flex-direction:column;justify-content:center;}}<\/style>\n<div class=\"wp-block-kadence-column kadence-column1731_6f3abf-96 inner-column-1\"><div class=\"kt-inside-inner-col\"><style>.kb-google-maps-container1731_e63ae2-d8{height:450px;}<\/style><div class=\"kb-google-maps-container kb-google-maps-container1731_e63ae2-d8  wp-block-kadence-googlemaps\" data-mapid=\"1731_e63ae2d8\"><iframe width=\"100%\" height=\"100%\"\n\t\t\t\t\t\t\tstyle=\"border:0\" loading=\"lazy\"\n\t\t\t\t\t\t\tsrc=\"https:\/\/www.google.com\/maps\/embed\/v1\/place?key=AIzaSyBAM2o7PiQqwk15LC1XRH2e_KJ-jUa7KYk&#038;zoom=11&#038;maptype=roadmap&#038;q=ul.+Skaut%C3%B3w+11B+20-055+Lublin\"\n\t\t\t\t\t\t\ttitle=\"Mapa Google ul. Skaut\u00f3w 11B 20-055 Lublin\"><\/iframe><\/div><script>function kb_google_map1731_e63ae2d8() { let center = { lat: 37.8201, lng: -122.4781}; let map = new google.maps.Map(document.getElementById(\"kb-google-map1731_e63ae2d8\"), {\n\t\t\t\t\t    zoom: 11,\n\t\t\t\t\t    center: center,});let marker = new google.maps.Marker({   position: { lat: 37.8201, lng: -122.4781},    map: map,  });}<\/script><\/div><\/div>\n\n<\/div><\/div>","protected":false},"excerpt":{"rendered":"<p>Skontaktuj si\u0119 z nami Masz pytania? Chcia\u0142by\u015b um\u00f3wi\u0107 si\u0119 na indywidualne konsultacje? Jeste\u015bmy tu, aby Ci pom\u00f3c. Skontaktuj si\u0119 z nami, a postaramy si\u0119 odpowiedzie\u0107 na Twoje zapytanie jak najszybciej. Twoja satysfakcja i rozw\u00f3j s\u0105 dla nas priorytetem. Krajowe Centrum Realizacji Ul. Skaut\u00f3w 11b20-400 Lublin Tel:\u00a0+48 781 138 250Mail:\u00a0biuro@iszb.pl<\/p>\n","protected":false},"author":1,"featured_media":0,"parent":0,"menu_order":0,"comment_status":"closed","ping_status":"closed","template":"","meta":{"om_disable_all_campaigns":false,"_monsterinsights_skip_tracking":false,"_monsterinsights_sitenote_active":false,"_monsterinsights_sitenote_note":"","_monsterinsights_sitenote_category":0,"_kadence_starter_templates_imported_post":true,"_kad_post_transparent":"","_kad_post_title":"hide","_kad_post_layout":"fullwidth","_kad_post_sidebar_id":"","_kad_post_content_style":"unboxed","_kad_post_vertical_padding":"hide","_kad_post_feature":"hide","_kad_post_feature_position":"","_kad_post_header":false,"_kad_post_footer":false,"_kad_post_classname":"","footnotes":""},"class_list":["post-1731","page","type-page","status-publish","hentry"],"aioseo_notices":[],"_links":{"self":[{"href":"https:\/\/kcr.sos.pl\/index.php\/wp-json\/wp\/v2\/pages\/1731","targetHints":{"allow":["GET"]}}],"collection":[{"href":"https:\/\/kcr.sos.pl\/index.php\/wp-json\/wp\/v2\/pages"}],"about":[{"href":"https:\/\/kcr.sos.pl\/index.php\/wp-json\/wp\/v2\/types\/page"}],"author":[{"embeddable":true,"href":"https:\/\/kcr.sos.pl\/index.php\/wp-json\/wp\/v2\/users\/1"}],"replies":[{"embeddable":true,"href":"https:\/\/kcr.sos.pl\/index.php\/wp-json\/wp\/v2\/comments?post=1731"}],"version-history":[{"count":5,"href":"https:\/\/kcr.sos.pl\/index.php\/wp-json\/wp\/v2\/pages\/1731\/revisions"}],"predecessor-version":[{"id":2410,"href":"https:\/\/kcr.sos.pl\/index.php\/wp-json\/wp\/v2\/pages\/1731\/revisions\/2410"}],"wp:attachment":[{"href":"https:\/\/kcr.sos.pl\/index.php\/wp-json\/wp\/v2\/media?parent=1731"}],"curies":[{"name":"wp","href":"https:\/\/api.w.org\/{rel}","templated":true}]}}